{"id":132,"date":"2017-04-18T15:20:51","date_gmt":"2017-04-18T15:20:51","guid":{"rendered":"http:\/\/lajuderiadesanclemente.es\/?page_id=132"},"modified":"2021-05-24T06:28:34","modified_gmt":"2021-05-24T06:28:34","slug":"localizacion","status":"publish","type":"page","link":"https:\/\/lajuderiadesanclemente.es\/en\/localizacion\/","title":{"rendered":"LOCALIZATION"},"content":{"rendered":"<div id=\"wpgmza_map\" class=\"wpgmza_map\" data-settings='{\"id\":\"1\",\"map_title\":\"My first map\",\"map_width\":\"100\",\"map_height\":\"400\",\"map_start_lat\":\"37.387823\",\"map_start_lng\":\"-5.984329\",\"map_start_location\":\"37.38782321514718,-5.984328699023533\",\"map_start_zoom\":\"15\",\"default_marker\":\"0\",\"type\":\"1\",\"alignment\":\"2\",\"directions_enabled\":\"1\",\"styling_enabled\":\"0\",\"styling_json\":\"\",\"active\":\"0\",\"kml\":\"\",\"bicycle\":\"0\",\"traffic\":\"0\",\"dbox\":\"1\",\"dbox_width\":\"100\",\"listmarkers\":\"0\",\"listmarkers_advanced\":\"0\",\"filterbycat\":\"0\",\"ugm_enabled\":\"0\",\"ugm_category_enabled\":\"0\",\"fusion\":\"\",\"map_width_type\":\"\\\\%\",\"map_height_type\":\"px\",\"mass_marker_support\":\"1\",\"ugm_access\":\"0\",\"order_markers_by\":\"1\",\"order_markers_choice\":\"2\",\"show_user_location\":\"0\",\"default_to\":\"\",\"other_settings\":{\"store_locator_enabled\":2,\"store_locator_distance\":2,\"store_locator_bounce\":1,\"store_locator_query_string\":\"ZIP \\\/ C\\u00f3digo Postal \\\/ Direcci\\u00f3n\",\"store_locator_default_address\":\"\",\"wpgmza_store_locator_restrict\":\"\",\"map_max_zoom\":\"1\",\"transport_layer\":0,\"wpgmza_theme_data\":\"\"}}' data-map-id='1' Data-maps-engine='google-maps' data-shortcode-attributes='{\"id\":\"1\"}' style=\"display:block; overflow:auto; width:100%; height:400px; float:left;\"><\/div>\n<div class=\"ctsc-spacer  \" style=\"height:25px\"><\/div>\n<p>The apartment La Juder\u00eda de San Clemente is located in the district of San Bartolom\u00e9, in the old Jewish quarter of Seville, one of the oldest and most important in the Iberian Peninsula.<\/p>\n<p>San Bartolom\u00e9 is full of history and is perfect for walking around and visiting its old synagogues, now churches.\u00a0We are 5 minutes walk from Santa Cruz and 10 minutes from the Cathedral and Los Reales Alc\u00e1zares.\u00a0You can also go out for tapas or eat in the countless bars and restaurants in the neighborhood.<\/p>\n<p>During Easter, all you have to do is leave the apartment to immerse yourself in the most authentic fraternal atmosphere in Seville.<\/p>\n<p>Also, the apartment is located in a quiet complex that guarantees rest.<\/p>\n","protected":false},"excerpt":{"rendered":"<p>The apartment La Juder\u00eda de San Clemente is located in the district of San Bartolom\u00e9, in the old Jewish quarter of Seville, one of the oldest and most important in the Iberian Peninsula. San Bartolom\u00e9 is full of history and is perfect for walking around and visiting its old synagogues, now churches.\u00a0We are 5 minutes walk from Santa Cruz and 10 minutes from the Cathedral and Los Reales Alc\u00e1zares.\u00a0You can also go out for tapas or eat in the countless&hellip;<\/p>\n","protected":false},"author":1,"featured_media":0,"parent":0,"menu_order":0,"comment_status":"closed","ping_status":"closed","template":"","meta":{"footnotes":""},"class_list":["post-132","page","type-page","status-publish","hentry"],"translation":{"provider":"WPGlobus","version":"3.0.2","language":"en","enabled_languages":["es","en"],"languages":{"es":{"title":true,"content":true,"excerpt":false},"en":{"title":true,"content":true,"excerpt":false}}},"_links":{"self":[{"href":"https:\/\/lajuderiadesanclemente.es\/en\/wp-json\/wp\/v2\/pages\/132","targetHints":{"allow":["GET"]}}],"collection":[{"href":"https:\/\/lajuderiadesanclemente.es\/en\/wp-json\/wp\/v2\/pages"}],"about":[{"href":"https:\/\/lajuderiadesanclemente.es\/en\/wp-json\/wp\/v2\/types\/page"}],"author":[{"embeddable":true,"href":"https:\/\/lajuderiadesanclemente.es\/en\/wp-json\/wp\/v2\/users\/1"}],"replies":[{"embeddable":true,"href":"https:\/\/lajuderiadesanclemente.es\/en\/wp-json\/wp\/v2\/comments?post=132"}],"version-history":[{"count":8,"href":"https:\/\/lajuderiadesanclemente.es\/en\/wp-json\/wp\/v2\/pages\/132\/revisions"}],"predecessor-version":[{"id":385,"href":"https:\/\/lajuderiadesanclemente.es\/en\/wp-json\/wp\/v2\/pages\/132\/revisions\/385"}],"wp:attachment":[{"href":"https:\/\/lajuderiadesanclemente.es\/en\/wp-json\/wp\/v2\/media?parent=132"}],"curies":[{"name":"wp","href":"https:\/\/api.w.org\/{rel}","templated":true}]}}